{"id":3,"date":"2024-07-08T17:30:56","date_gmt":"2024-07-08T17:30:56","guid":{"rendered":"https:\/\/prosal.com.mx\/?page_id=3"},"modified":"2024-08-21T19:31:29","modified_gmt":"2024-08-21T19:31:29","slug":"politica-privacidad","status":"publish","type":"page","link":"https:\/\/prosal.com.mx\/index.php\/politica-privacidad\/","title":{"rendered":"Pol\u00edtica de privacidad"},"content":{"rendered":"\t\t<div data-elementor-type=\"wp-page\" data-elementor-id=\"3\" class=\"elementor elementor-3\">\n\t\t\t\t<div class=\"elementor-element elementor-element-d4b28dd e-flex e-con-boxed e-con e-parent\" data-id=\"d4b28dd\" data-element_type=\"container\">\n\t\t\t\t\t<div class=\"e-con-inner\">\n\t\t\t\t<div class=\"elementor-element elementor-element-0543002 elementor-widget elementor-widget-heading\" data-id=\"0543002\" data-element_type=\"widget\" data-widget_type=\"heading.default\">\n\t\t\t\t<div class=\"elementor-widget-container\">\n\t\t\t\t\t<h2 class=\"elementor-heading-title elementor-size-default\">Aviso de Privacidad de PROSAL<\/h2>\t\t\t\t<\/div>\n\t\t\t\t<\/div>\n\t\t\t\t\t<\/div>\n\t\t\t\t<\/div>\n\t\t<div class=\"elementor-element elementor-element-5f36b2bc e-flex e-con-boxed e-con e-parent\" data-id=\"5f36b2bc\" data-element_type=\"container\">\n\t\t\t\t\t<div class=\"e-con-inner\">\n\t\t\t\t<div class=\"elementor-element elementor-element-2612e7fc elementor-widget elementor-widget-text-editor\" data-id=\"2612e7fc\" data-element_type=\"widget\" data-widget_type=\"text-editor.default\">\n\t\t\t\t<div class=\"elementor-widget-container\">\n\t\t\t\t\t\t\t\t\t<p>\u00a0<\/p><p>1. Identidad y Domicilio del Responsable:<br \/>PROSAL, con domicilio en Patagonia No. 237, Fracc. Santuario, San Luis Potos\u00ed, S.L.P. Cp. 78380, es la empresa responsable del tratamiento de sus datos personales.<\/p><p>2. Datos Personales que Recabamos:<br \/>Recabamos los siguientes datos personales:<br \/>\u2022 Nombre completo<br \/>\u2022 N\u00famero de tel\u00e9fono<br \/>\u2022 N\u00famero de celular o WhatsApp<br \/>\u2022 Correo electr\u00f3nico<\/p><p>3. Finalidades del Tratamiento de Datos:<br \/>Los datos personales que recabamos ser\u00e1n utilizados para las siguientes finalidades:<br \/>\u2022 Fines internos de la empresa, tales como administraci\u00f3n, control y gesti\u00f3n.<br \/>\u2022 Publicidad y marketing, incluyendo el env\u00edo de informaci\u00f3n sobre productos, servicios y promociones de PROSAL.<\/p><p>4. Derechos ARCO:<br \/>Usted tiene derecho a acceder, rectificar, cancelar u oponerse al tratamiento de sus datos personales. Para ejercer estos derechos, puede enviar una solicitud a nuestro correo electr\u00f3nico administracion@prosal.com.mx o contactarnos 4448157154.<\/p><p>5. Transferencia de Datos:<br \/>Sus datos personales no ser\u00e1n transferidos a terceros, excepto cuando sea necesario para cumplir con las finalidades se\u00f1aladas o cuando sea requerido por la ley.<\/p><p>6. Cambios al Aviso de Privacidad:<br \/>Este aviso de privacidad puede ser modificado, actualizado o complementado en cualquier momento. Los cambios estar\u00e1n disponibles en nuestro sitio web www.prosal.com.mx o se le notificar\u00e1n por correo electr\u00f3nico.<\/p><p>7. Contacto:<br \/>Para cualquier duda sobre el tratamiento de sus datos personales, puede contactarnos a trav\u00e9s del correo electr\u00f3nico administracion@prosal.com.mx o al tel\u00e9fono 4448157154.<br \/>Fecha de \u00faltima actualizaci\u00f3n: 20 Agosto 2024<br \/>Atentamente, PROSAL.<\/p>\t\t\t\t\t\t\t\t<\/div>\n\t\t\t\t<\/div>\n\t\t\t\t\t<\/div>\n\t\t\t\t<\/div>\n\t\t\t\t<\/div>\n\t\t","protected":false},"excerpt":{"rendered":"<p>Aviso de Privacidad de PROSAL \u00a0 1. Identidad y Domicilio del Responsable:PROSAL, con domicilio en Patagonia No. 237, Fracc. Santuario, San Luis Potos\u00ed, S.L.P. Cp. 78380, es la empresa responsable del tratamiento de sus datos personales. 2. Datos Personales que Recabamos:Recabamos los siguientes datos personales:\u2022 Nombre completo\u2022 N\u00famero de tel\u00e9fono\u2022 N\u00famero de celular o WhatsApp\u2022 [&hellip;]<\/p>\n","protected":false},"author":1,"featured_media":0,"parent":0,"menu_order":0,"comment_status":"closed","ping_status":"open","template":"elementor_header_footer","meta":{"zakra_sidebar_layout":"customizer","zakra_remove_content_margin":false,"zakra_sidebar":"customizer","zakra_transparent_header":"customizer","zakra_logo":0,"zakra_main_header_style":"default","zakra_menu_item_color":"","zakra_menu_item_hover_color":"","zakra_menu_item_active_color":"","zakra_menu_active_style":"zakra_menu_active_style","zakra_page_header":false,"footnotes":""},"class_list":["post-3","page","type-page","status-publish","hentry"],"_links":{"self":[{"href":"https:\/\/prosal.com.mx\/index.php\/wp-json\/wp\/v2\/pages\/3","targetHints":{"allow":["GET"]}}],"collection":[{"href":"https:\/\/prosal.com.mx\/index.php\/wp-json\/wp\/v2\/pages"}],"about":[{"href":"https:\/\/prosal.com.mx\/index.php\/wp-json\/wp\/v2\/types\/page"}],"author":[{"embeddable":true,"href":"https:\/\/prosal.com.mx\/index.php\/wp-json\/wp\/v2\/users\/1"}],"replies":[{"embeddable":true,"href":"https:\/\/prosal.com.mx\/index.php\/wp-json\/wp\/v2\/comments?post=3"}],"version-history":[{"count":9,"href":"https:\/\/prosal.com.mx\/index.php\/wp-json\/wp\/v2\/pages\/3\/revisions"}],"predecessor-version":[{"id":2004,"href":"https:\/\/prosal.com.mx\/index.php\/wp-json\/wp\/v2\/pages\/3\/revisions\/2004"}],"wp:attachment":[{"href":"https:\/\/prosal.com.mx\/index.php\/wp-json\/wp\/v2\/media?parent=3"}],"curies":[{"name":"wp","href":"https:\/\/api.w.org\/{rel}","templated":true}]}}