{"id":179,"date":"2024-04-22T06:53:54","date_gmt":"2024-04-22T06:53:54","guid":{"rendered":"https:\/\/ap0.qsandbox.cloud\/site\/ambesh-flavourfuse\/?page_id=179"},"modified":"2024-08-21T19:24:19","modified_gmt":"2024-08-21T19:24:19","slug":"about","status":"publish","type":"page","link":"https:\/\/prosal.com.mx\/index.php\/about\/","title":{"rendered":"Nosotros"},"content":{"rendered":"\t\t<div data-elementor-type=\"wp-page\" data-elementor-id=\"179\" class=\"elementor elementor-179\">\n\t\t\t\t<div class=\"elementor-element elementor-element-e47fcb8 e-flex e-con-boxed e-con e-parent\" data-id=\"e47fcb8\" data-element_type=\"container\">\n\t\t\t\t\t<div class=\"e-con-inner\">\n\t\t<div class=\"elementor-element elementor-element-ea50712 e-con-full e-flex elementor-invisible e-con e-child\" data-id=\"ea50712\" data-element_type=\"container\" data-settings=\"{&quot;animation&quot;:&quot;fadeInLeft&quot;}\">\n\t\t\t\t<div class=\"elementor-element elementor-element-69fc6d6 elementor-widget elementor-widget-image\" data-id=\"69fc6d6\" data-element_type=\"widget\" data-widget_type=\"image.default\">\n\t\t\t\t<div class=\"elementor-widget-container\">\n\t\t\t\t\t\t\t\t\t\t\t\t\t\t\t<img fetchpriority=\"high\" decoding=\"async\" width=\"640\" height=\"427\" src=\"https:\/\/prosal.com.mx\/wp-content\/uploads\/2024\/07\/Shooting-Prosal-58.webp\" class=\"attachment-large size-large wp-image-1744\" alt=\"\" srcset=\"https:\/\/prosal.com.mx\/wp-content\/uploads\/2024\/07\/Shooting-Prosal-58.webp 640w, https:\/\/prosal.com.mx\/wp-content\/uploads\/2024\/07\/Shooting-Prosal-58-300x200.webp 300w\" sizes=\"(max-width: 640px) 100vw, 640px\" \/>\t\t\t\t\t\t\t\t\t\t\t\t\t\t\t<\/div>\n\t\t\t\t<\/div>\n\t\t\t\t<\/div>\n\t\t<div class=\"elementor-element elementor-element-a083495 e-con-full e-flex elementor-invisible e-con e-child\" data-id=\"a083495\" data-element_type=\"container\" data-settings=\"{&quot;animation&quot;:&quot;fadeInRight&quot;}\">\n\t\t\t\t<div class=\"elementor-element elementor-element-f405947 elementor-widget elementor-widget-heading\" data-id=\"f405947\" data-element_type=\"widget\" data-widget_type=\"heading.default\">\n\t\t\t\t<div class=\"elementor-widget-container\">\n\t\t\t\t\t<h2 class=\"elementor-heading-title elementor-size-default\">NOSOTROS<\/h2>\t\t\t\t<\/div>\n\t\t\t\t<\/div>\n\t\t\t\t<div class=\"elementor-element elementor-element-20cc66c elementor-widget elementor-widget-text-editor\" data-id=\"20cc66c\" data-element_type=\"widget\" data-widget_type=\"text-editor.default\">\n\t\t\t\t<div class=\"elementor-widget-container\">\n\t\t\t\t\t\t\t\t\t<p class=\"p1\">Somos una empresa dedicada al servicio de instalaci\u00f3n y mantenimiento de aire acondicionado, climas, refrigeraci\u00f3n e instalaciones el\u00e9ctricas y planeaci\u00f3n de proyectos para la industria.<\/p>\t\t\t\t\t\t\t\t<\/div>\n\t\t\t\t<\/div>\n\t\t\t\t<\/div>\n\t\t\t\t\t<\/div>\n\t\t\t\t<\/div>\n\t\t<div class=\"elementor-element elementor-element-465b25c e-flex e-con-boxed e-con e-parent\" data-id=\"465b25c\" data-element_type=\"container\" data-settings=\"{&quot;background_background&quot;:&quot;classic&quot;}\">\n\t\t\t\t\t<div class=\"e-con-inner\">\n\t\t\t\t<div class=\"elementor-element elementor-element-8ff99a8 elementor-widget elementor-widget-heading\" data-id=\"8ff99a8\" data-element_type=\"widget\" data-widget_type=\"heading.default\">\n\t\t\t\t<div class=\"elementor-widget-container\">\n\t\t\t\t\t<h2 class=\"elementor-heading-title elementor-size-default\">Nuestra Filosof\u00eda<\/h2>\t\t\t\t<\/div>\n\t\t\t\t<\/div>\n\t\t<div class=\"elementor-element elementor-element-06a9189 e-con-full e-flex e-con e-child\" data-id=\"06a9189\" data-element_type=\"container\">\n\t\t<div class=\"elementor-element elementor-element-84cec97 e-con-full e-flex e-con e-child\" data-id=\"84cec97\" data-element_type=\"container\">\n\t\t<div class=\"elementor-element elementor-element-5065d47 e-con-full e-flex e-con e-child\" data-id=\"5065d47\" data-element_type=\"container\">\n\t\t\t\t<div class=\"elementor-element elementor-element-788e6fc elementor-widget__width-initial elementor-widget elementor-widget-image\" data-id=\"788e6fc\" data-element_type=\"widget\" data-widget_type=\"image.default\">\n\t\t\t\t<div class=\"elementor-widget-container\">\n\t\t\t\t\t\t\t\t\t\t\t\t\t\t\t<img decoding=\"async\" width=\"130\" height=\"130\" src=\"https:\/\/prosal.com.mx\/wp-content\/uploads\/2024\/07\/image45-1.png\" class=\"attachment-large size-large wp-image-1540\" alt=\"\" \/>\t\t\t\t\t\t\t\t\t\t\t\t\t\t\t<\/div>\n\t\t\t\t<\/div>\n\t\t\t\t<div class=\"elementor-element elementor-element-74d5d75 elementor-widget elementor-widget-heading\" data-id=\"74d5d75\" data-element_type=\"widget\" data-widget_type=\"heading.default\">\n\t\t\t\t<div class=\"elementor-widget-container\">\n\t\t\t\t\t<h2 class=\"elementor-heading-title elementor-size-default\">Misi\u00f3n<\/h2>\t\t\t\t<\/div>\n\t\t\t\t<\/div>\n\t\t\t\t<\/div>\n\t\t<div class=\"elementor-element elementor-element-9983f59 e-con-full e-flex e-con e-child\" data-id=\"9983f59\" data-element_type=\"container\">\n\t\t\t\t<div class=\"elementor-element elementor-element-46c3ef6 elementor-widget elementor-widget-text-editor\" data-id=\"46c3ef6\" data-element_type=\"widget\" data-widget_type=\"text-editor.default\">\n\t\t\t\t<div class=\"elementor-widget-container\">\n\t\t\t\t\t\t\t\t\t<p class=\"p1\">La calidad nos permite exceder las expectativas de nuestros clientes; la mejora continua de nuestros servicios de aire acondicionado, refrigeraci\u00f3n e instalaciones el\u00e9ctricas, se apoya en alta tecnolog\u00eda, la superaci\u00f3n de nuestros colaboradores y el cuidado del entorno.<\/p>\t\t\t\t\t\t\t\t<\/div>\n\t\t\t\t<\/div>\n\t\t\t\t<\/div>\n\t\t\t\t<\/div>\n\t\t\t\t<\/div>\n\t\t<div class=\"elementor-element elementor-element-d0175ae e-con-full e-flex e-con e-child\" data-id=\"d0175ae\" data-element_type=\"container\">\n\t\t<div class=\"elementor-element elementor-element-3d66017 e-con-full e-flex e-con e-child\" data-id=\"3d66017\" data-element_type=\"container\">\n\t\t<div class=\"elementor-element elementor-element-8129f86 e-con-full e-flex e-con e-child\" data-id=\"8129f86\" data-element_type=\"container\">\n\t\t\t\t<div class=\"elementor-element elementor-element-074c357 elementor-widget__width-initial elementor-widget elementor-widget-image\" data-id=\"074c357\" data-element_type=\"widget\" data-widget_type=\"image.default\">\n\t\t\t\t<div class=\"elementor-widget-container\">\n\t\t\t\t\t\t\t\t\t\t\t\t\t\t\t<img decoding=\"async\" width=\"130\" height=\"130\" src=\"https:\/\/prosal.com.mx\/wp-content\/uploads\/2024\/07\/image46-1.png\" class=\"attachment-large size-large wp-image-1541\" alt=\"\" \/>\t\t\t\t\t\t\t\t\t\t\t\t\t\t\t<\/div>\n\t\t\t\t<\/div>\n\t\t\t\t<div class=\"elementor-element elementor-element-be363ff elementor-widget elementor-widget-heading\" data-id=\"be363ff\" data-element_type=\"widget\" data-widget_type=\"heading.default\">\n\t\t\t\t<div class=\"elementor-widget-container\">\n\t\t\t\t\t<h2 class=\"elementor-heading-title elementor-size-default\">Visi\u00f3n<\/h2>\t\t\t\t<\/div>\n\t\t\t\t<\/div>\n\t\t\t\t<\/div>\n\t\t<div class=\"elementor-element elementor-element-5646de5 e-con-full e-flex e-con e-child\" data-id=\"5646de5\" data-element_type=\"container\">\n\t\t\t\t<div class=\"elementor-element elementor-element-9ad8170 elementor-widget elementor-widget-text-editor\" data-id=\"9ad8170\" data-element_type=\"widget\" data-widget_type=\"text-editor.default\">\n\t\t\t\t<div class=\"elementor-widget-container\">\n\t\t\t\t\t\t\t\t\t<p>Antes del a\u00f1o 2020 seremos la empresa\u00a0l\u00edder en servicios de aire\u00a0acondicionado, refrigeraci\u00f3n e instalaciones\u00a0el\u00e9ctricas de la industria\u00a0local; En el a\u00f1o 2023 ya tendremos\u00a0una presencia importante en la\u00a0regi\u00f3n del baj\u00edo mexicano.<\/p>\t\t\t\t\t\t\t\t<\/div>\n\t\t\t\t<\/div>\n\t\t\t\t<\/div>\n\t\t\t\t<\/div>\n\t\t\t\t<\/div>\n\t\t<div class=\"elementor-element elementor-element-2d8f573 e-con-full e-flex e-con e-child\" data-id=\"2d8f573\" data-element_type=\"container\">\n\t\t<div class=\"elementor-element elementor-element-07d3651 e-con-full e-flex e-con e-child\" data-id=\"07d3651\" data-element_type=\"container\">\n\t\t<div class=\"elementor-element elementor-element-ed35bed e-con-full e-flex e-con e-child\" data-id=\"ed35bed\" data-element_type=\"container\">\n\t\t\t\t<div class=\"elementor-element elementor-element-e622dd2 elementor-widget__width-initial elementor-widget elementor-widget-image\" data-id=\"e622dd2\" data-element_type=\"widget\" data-widget_type=\"image.default\">\n\t\t\t\t<div class=\"elementor-widget-container\">\n\t\t\t\t\t\t\t\t\t\t\t\t\t\t\t<img loading=\"lazy\" decoding=\"async\" width=\"130\" height=\"130\" src=\"https:\/\/prosal.com.mx\/wp-content\/uploads\/2024\/07\/image47-1.png\" class=\"attachment-large size-large wp-image-1542\" alt=\"\" \/>\t\t\t\t\t\t\t\t\t\t\t\t\t\t\t<\/div>\n\t\t\t\t<\/div>\n\t\t\t\t<div class=\"elementor-element elementor-element-3b994db elementor-widget elementor-widget-heading\" data-id=\"3b994db\" data-element_type=\"widget\" data-widget_type=\"heading.default\">\n\t\t\t\t<div class=\"elementor-widget-container\">\n\t\t\t\t\t<h2 class=\"elementor-heading-title elementor-size-default\">Valores<\/h2>\t\t\t\t<\/div>\n\t\t\t\t<\/div>\n\t\t\t\t<\/div>\n\t\t<div class=\"elementor-element elementor-element-546607a e-con-full e-flex e-con e-child\" data-id=\"546607a\" data-element_type=\"container\">\n\t\t\t\t<div class=\"elementor-element elementor-element-edf9d4f elementor-widget elementor-widget-text-editor\" data-id=\"edf9d4f\" data-element_type=\"widget\" data-widget_type=\"text-editor.default\">\n\t\t\t\t<div class=\"elementor-widget-container\">\n\t\t\t\t\t\t\t\t\t<p class=\"p1\">\u00b7 Respeto a la persona.<\/p><p class=\"p1\">\u00b7 Vocaci\u00f3n de servicio.<\/p><p class=\"p1\">\u00b7 Integridad.<\/p><p class=\"p1\">\u00b7 Responsabilidad.<\/p>\t\t\t\t\t\t\t\t<\/div>\n\t\t\t\t<\/div>\n\t\t\t\t<\/div>\n\t\t\t\t<\/div>\n\t\t\t\t<\/div>\n\t\t\t\t\t<\/div>\n\t\t\t\t<\/div>\n\t\t<div class=\"elementor-element elementor-element-9b7cf77 e-flex e-con-boxed e-con e-parent\" data-id=\"9b7cf77\" data-element_type=\"container\" data-settings=\"{&quot;background_background&quot;:&quot;classic&quot;}\">\n\t\t\t\t\t<div class=\"e-con-inner\">\n\t\t\t\t<div class=\"elementor-element elementor-element-e013c94 elementor-widget elementor-widget-spacer\" data-id=\"e013c94\" data-element_type=\"widget\" data-widget_type=\"spacer.default\">\n\t\t\t\t<div class=\"elementor-widget-container\">\n\t\t\t\t\t\t\t<div class=\"elementor-spacer\">\n\t\t\t<div class=\"elementor-spacer-inner\"><\/div>\n\t\t<\/div>\n\t\t\t\t\t\t<\/div>\n\t\t\t\t<\/div>\n\t\t\t\t\t<\/div>\n\t\t\t\t<\/div>\n\t\t<div class=\"elementor-element elementor-element-8041468 e-con-full e-flex e-con e-parent\" data-id=\"8041468\" data-element_type=\"container\" data-settings=\"{&quot;background_background&quot;:&quot;classic&quot;}\">\n\t\t<div class=\"elementor-element elementor-element-262cfb28 e-con-full e-flex e-con e-child\" data-id=\"262cfb28\" data-element_type=\"container\">\n\t\t\t\t<div class=\"elementor-element elementor-element-40d4e7b0 elementor-widget elementor-widget-heading\" data-id=\"40d4e7b0\" data-element_type=\"widget\" data-widget_type=\"heading.default\">\n\t\t\t\t<div class=\"elementor-widget-container\">\n\t\t\t\t\t<h2 class=\"elementor-heading-title elementor-size-default\">Cont\u00e1ctanos<\/h2>\t\t\t\t<\/div>\n\t\t\t\t<\/div>\n\t\t\t\t<div class=\"elementor-element elementor-element-b4e50ca elementor-widget elementor-widget-text-editor\" data-id=\"b4e50ca\" data-element_type=\"widget\" data-widget_type=\"text-editor.default\">\n\t\t\t\t<div class=\"elementor-widget-container\">\n\t\t\t\t\t\t\t\t\t<p>\u00bfNecesitas mas informaci\u00f3n o una cotizaci\u00f3n?<br \/>D\u00e9janos tus datos y nuestro equipo se pondr\u00e1 en contacto contigo a la brevedad.<\/p>\t\t\t\t\t\t\t\t<\/div>\n\t\t\t\t<\/div>\n\t\t\t\t<div class=\"elementor-element elementor-element-4c00c6cf elementor-align-start elementor-icon-list--layout-traditional elementor-list-item-link-full_width elementor-widget elementor-widget-icon-list\" data-id=\"4c00c6cf\" data-element_type=\"widget\" data-widget_type=\"icon-list.default\">\n\t\t\t\t<div class=\"elementor-widget-container\">\n\t\t\t\t\t\t\t<ul class=\"elementor-icon-list-items\">\n\t\t\t\t\t\t\t<li class=\"elementor-icon-list-item\">\n\t\t\t\t\t\t\t\t\t\t<span class=\"elementor-icon-list-text\"><b>Horari:o<\/b> Lun-Vier 9:00AM - 5:00PM<\/span>\n\t\t\t\t\t\t\t\t\t<\/li>\n\t\t\t\t\t\t\t\t<li class=\"elementor-icon-list-item\">\n\t\t\t\t\t\t\t\t\t\t<span class=\"elementor-icon-list-text\"><b>Tel\u00e9fono:<\/b> 444 815 71 54<\/span>\n\t\t\t\t\t\t\t\t\t<\/li>\n\t\t\t\t\t\t\t\t<li class=\"elementor-icon-list-item\">\n\t\t\t\t\t\t\t\t\t\t\t<a href=\"https:\/\/wa.link\/k59bpx\">\n\n\t\t\t\t\t\t\t\t\t\t\t<span class=\"elementor-icon-list-text\"><b>Whatsapp:<\/b> 444 189 0062<\/span>\n\t\t\t\t\t\t\t\t\t\t\t<\/a>\n\t\t\t\t\t\t\t\t\t<\/li>\n\t\t\t\t\t\t\t\t<li class=\"elementor-icon-list-item\">\n\t\t\t\t\t\t\t\t\t\t<span class=\"elementor-icon-list-text\"><b>Email:<\/b> administracion@prosal.com.mx<\/span>\n\t\t\t\t\t\t\t\t\t<\/li>\n\t\t\t\t\t\t<\/ul>\n\t\t\t\t\t\t<\/div>\n\t\t\t\t<\/div>\n\t\t\t\t<\/div>\n\t\t<div class=\"elementor-element elementor-element-2ea3a25f e-con-full e-flex e-con e-child\" data-id=\"2ea3a25f\" data-element_type=\"container\">\n\t\t\t\t<div class=\"elementor-element elementor-element-6ea04d33 elementor-widget elementor-widget-everest-forms\" data-id=\"6ea04d33\" data-element_type=\"widget\" data-widget_type=\"everest-forms.default\">\n\t\t\t\t<div class=\"elementor-widget-container\">\n\t\t\t\t\t\t\t\t<div class=\"everest-forms\"><div class=\"evf-container default\" id=\"evf-6\"><form id=\"evf-form-6\" class=\"everest-form\" data-formid=\"6\" data-ajax_submission=\"0\" data-keyboard_friendly_form=\"0\" data-form_state_type=\"\" method=\"post\" enctype=\"multipart\/form-data\" action=\"\/index.php\/wp-json\/wp\/v2\/pages\/179\"><div class=\"evf-field-container\"><input type=\"hidden\" id=\"_wpnonce6\" name=\"_wpnonce6\" value=\"59307a0651\" \/><input type=\"hidden\" name=\"_wp_http_referer\" value=\"\/index.php\/wp-json\/wp\/v2\/pages\/179\" \/><div class=\"evf-frontend-row\" data-row=\"row_1\" conditional_rules=\"[]\"><div class=\"evf-frontend-grid evf-grid-1\" data-grid=\"grid_1\"><div id=\"evf-6-field_fullname-container\" class=\"evf-field evf-field-text form-row validate-required\" data-required-field-message=\"Este campo es obligatorio.\" data-field-id=\"fullname\"><label class=\"evf-field-label\" for=\"evf-6-field_fullname\"><span class=\"evf-label\">Nombre<\/span> <abbr class=\"required\" title=\"Obligatorio\">*<\/abbr><\/label><input type=\"text\" id=\"evf-6-field_fullname\" class=\"input-text\" name=\"everest_forms[form_fields][fullname]\" required><\/div><div id=\"evf-6-field_email-container\" class=\"evf-field evf-field-email form-row validate-required validate-email\" data-required-field-message=\"Por favor, usa una direcci\u00f3n de correo electr\u00f3nico v\u00e1lida.\" data-field-id=\"email\"><label class=\"evf-field-label\" for=\"evf-6-field_email\"><span class=\"evf-label\">Email<\/span> <abbr class=\"required\" title=\"Obligatorio\">*<\/abbr><\/label><input type=\"email\" id=\"evf-6-field_email\" class=\"input-text\" name=\"everest_forms[form_fields][email]\" required ><\/div><div id=\"evf-6-field_5FjOjpxpbe-1-container\" class=\"evf-field evf-field-number form-row\" data-field-id=\"5FjOjpxpbe-1\"><label class=\"evf-field-label\" for=\"evf-6-field_5FjOjpxpbe-1\"><span class=\"evf-label\">Tel\u00e9fono<\/span> <\/label><input type=\"number\" id=\"evf-6-field_5FjOjpxpbe-1\" class=\"input-text\" name=\"everest_forms[form_fields][5FjOjpxpbe-1]\" \/><\/div><div id=\"evf-6-field_subject-container\" class=\"evf-field evf-field-text form-row validate-required\" data-required-field-message=\"Este campo es obligatorio.\" data-field-id=\"subject\"><label class=\"evf-field-label\" for=\"evf-6-field_subject\"><span class=\"evf-label\">Empresa<\/span> <abbr class=\"required\" title=\"Obligatorio\">*<\/abbr><\/label><input type=\"text\" id=\"evf-6-field_subject\" class=\"input-text\" name=\"everest_forms[form_fields][subject]\" required><\/div><div id=\"evf-6-field_message-container\" class=\"evf-field evf-field-textarea form-row\" data-field-id=\"message\"><label class=\"evf-field-label\" for=\"evf-6-field_message\"><span class=\"evf-label\">Mensaje<\/span> <\/label><textarea id=\"evf-6-field_message\" class=\"input-text\" name=\"everest_forms[form_fields][message]\"  ><\/textarea><\/div><\/div><\/div><\/div><div class=\"evf-honeypot-container evf-field-hp\"><label for=\"evf-6-field-hp\" class=\"evf-field-label\">Name<\/label><input type=\"text\" name=\"everest_forms[hp]\" id=\"evf-6-field-hp\" class=\"input-text\"><\/div><div class=\"evf-submit-container \" ><input type=\"hidden\" name=\"everest_forms[id]\" value=\"6\"><input type=\"hidden\" name=\"everest_forms[author]\" value=\"1\"><button type='submit' name='everest_forms[submit]' class='everest-forms-submit-button button evf-submit ' id='evf-submit-6' value='evf-submit' data-process-text=\"Procesando...\" conditional_rules='&quot;&quot;' conditional_id='evf-submit-6'  id=\"evf-submit-6\" aria-live=\"assertive\">Enviar<\/button><\/div><\/form><\/div><!-- .evf-container --><\/div>\t\t\t\t\t\t<\/div>\n\t\t\t\t<\/div>\n\t\t\t\t<\/div>\n\t\t\t\t<\/div>\n\t\t\t\t<\/div>\n\t\t","protected":false},"excerpt":{"rendered":"<p>NOSOTROS Somos una empresa dedicada al servicio de instalaci\u00f3n y mantenimiento de aire acondicionado, climas, refrigeraci\u00f3n e instalaciones el\u00e9ctricas y planeaci\u00f3n de proyectos para la industria. Nuestra Filosof\u00eda Misi\u00f3n La calidad nos permite exceder las expectativas de nuestros clientes; la mejora continua de nuestros servicios de aire acondicionado, refrigeraci\u00f3n e instalaciones el\u00e9ctricas, se apoya en [&hellip;]<\/p>\n","protected":false},"author":1,"featured_media":0,"parent":0,"menu_order":0,"comment_status":"closed","ping_status":"closed","template":"page-templates\/pagebuilder.php","meta":{"zakra_sidebar_layout":"contained","zakra_remove_content_margin":false,"zakra_sidebar":"customizer","zakra_transparent_header":"customizer","zakra_logo":0,"zakra_main_header_style":"default","zakra_menu_item_color":"","zakra_menu_item_hover_color":"","zakra_menu_item_active_color":"","zakra_menu_active_style":"zakra_menu_active_style","zakra_page_header":false,"footnotes":""},"class_list":["post-179","page","type-page","status-publish","hentry"],"_links":{"self":[{"href":"https:\/\/prosal.com.mx\/index.php\/wp-json\/wp\/v2\/pages\/179","targetHints":{"allow":["GET"]}}],"collection":[{"href":"https:\/\/prosal.com.mx\/index.php\/wp-json\/wp\/v2\/pages"}],"about":[{"href":"https:\/\/prosal.com.mx\/index.php\/wp-json\/wp\/v2\/types\/page"}],"author":[{"embeddable":true,"href":"https:\/\/prosal.com.mx\/index.php\/wp-json\/wp\/v2\/users\/1"}],"replies":[{"embeddable":true,"href":"https:\/\/prosal.com.mx\/index.php\/wp-json\/wp\/v2\/comments?post=179"}],"version-history":[{"count":52,"href":"https:\/\/prosal.com.mx\/index.php\/wp-json\/wp\/v2\/pages\/179\/revisions"}],"predecessor-version":[{"id":1978,"href":"https:\/\/prosal.com.mx\/index.php\/wp-json\/wp\/v2\/pages\/179\/revisions\/1978"}],"wp:attachment":[{"href":"https:\/\/prosal.com.mx\/index.php\/wp-json\/wp\/v2\/media?parent=179"}],"curies":[{"name":"wp","href":"https:\/\/api.w.org\/{rel}","templated":true}]}}